{"id":834,"date":"2018-10-25T05:56:29","date_gmt":"2018-10-25T03:56:29","guid":{"rendered":"https:\/\/parkietownia.pl\/deski-podlogowe\/"},"modified":"2018-11-03T19:30:48","modified_gmt":"2018-11-03T18:30:48","slug":"deski-podlogowe","status":"publish","type":"page","link":"https:\/\/parkietownia.pl\/en\/deski-podlogowe\/","title":{"rendered":"HERRINGBONE"},"content":{"rendered":"<div class=\"fusion-fullwidth fullwidth-box nonhundred-percent-fullwidth non-hundred-percent-height-scrolling\"  style='background-color: rgba(255,255,255,0);background-position: left top;background-repeat: no-repeat;padding-top:20px;padding-right:0px;padding-bottom:20px;padding-left:0px;border-top-width:0px;border-bottom-width:0px;border-color:#eae9e9;border-top-style:solid;border-bottom-style:solid;'><div class=\"fusion-builder-row fusion-row \"><div  class=\"fusion-layout-column fusion_builder_column fusion_builder_column_1_1  fusion-one-full fusion-column-first fusion-column-last 1_1\"  style='margin-top:0px;margin-bottom:20px;'>\n\t\t\t\t\t<div class=\"fusion-column-wrapper\" style=\"padding: 0px 0px 0px 0px;background-position:left top;background-repeat:no-repeat;-webkit-background-size:cover;-moz-background-size:cover;-o-background-size:cover;background-size:cover;\"  data-bg-url=\"\">\n\t\t\t\t\t\t<div class=\"fusion-text\"><div class=\"title art-left\">\n<h1>herringbone<\/h1>\n<\/div>\n<\/div><style type=\"text\/css\" scoped=\"scoped\">.fusion-gallery-1 .fusion-gallery-image {border:0px solid #f6f6f6;}<\/style><div class=\"fusion-gallery fusion-gallery-container fusion-grid-3 fusion-columns-total-2 fusion-gallery-layout-grid fusion-gallery-1\" style=\"margin:-5px;\"><div style=\"padding:5px;\" class=\"fusion-grid-column fusion-gallery-column fusion-gallery-column-3 hover-type-none\"><div class=\"fusion-gallery-image\"><a href=\"https:\/\/parkietownia.pl\/wp-content\/uploads\/2018\/04\/IMG_1345.jpg\" class=\"fusion-lightbox\" data-rel=\"iLightbox[662a7f0392cd344e241]\"><img loading=\"lazy\" decoding=\"async\" width=\"400\" height=\"300\" src=\"https:\/\/parkietownia.pl\/wp-content\/uploads\/2018\/04\/IMG_1345-400x300.jpg\" alt=\"\" title=\"D\u0105b Jod\u0142a francuska Olejowosk Orzech Jasny\" aria-label=\"D\u0105b Jod\u0142a francuska Olejowosk Orzech Jasny\" class=\"img-responsive wp-image-913\" srcset=\"https:\/\/parkietownia.pl\/wp-content\/uploads\/2018\/04\/IMG_1345-200x150.jpg 200w, https:\/\/parkietownia.pl\/wp-content\/uploads\/2018\/04\/IMG_1345-400x300.jpg 400w, https:\/\/parkietownia.pl\/wp-content\/uploads\/2018\/04\/IMG_1345-600x450.jpg 600w, https:\/\/parkietownia.pl\/wp-content\/uploads\/2018\/04\/IMG_1345-800x600.jpg 800w, https:\/\/parkietownia.pl\/wp-content\/uploads\/2018\/04\/IMG_1345-1200x900.jpg 1200w, https:\/\/parkietownia.pl\/wp-content\/uploads\/2018\/04\/IMG_1345.jpg 1632w\" sizes=\"(min-width: 2200px) 100vw, (min-width: 784px) 363px, (min-width: 712px) 545px, (min-width: 640px) 712px, \" \/><\/a><\/div><\/div><div style=\"padding:5px;\" class=\"fusion-grid-column fusion-gallery-column fusion-gallery-column-3 hover-type-none\"><div class=\"fusion-gallery-image\"><a href=\"https:\/\/parkietownia.pl\/wp-content\/uploads\/2016\/10\/IMG_2670.jpg\" class=\"fusion-lightbox\" data-rel=\"iLightbox[662a7f0392cd344e241]\"><img loading=\"lazy\" decoding=\"async\" width=\"400\" height=\"300\" src=\"https:\/\/parkietownia.pl\/wp-content\/uploads\/2016\/10\/IMG_2670-400x300.jpg\" alt=\"\" title=\"D\u0105b Jod\u0142a francuska Olejowosk Bia\u0142y\" aria-label=\"D\u0105b Jod\u0142a francuska Olejowosk Bia\u0142y\" class=\"img-responsive wp-image-917\" srcset=\"https:\/\/parkietownia.pl\/wp-content\/uploads\/2016\/10\/IMG_2670-200x150.jpg 200w, https:\/\/parkietownia.pl\/wp-content\/uploads\/2016\/10\/IMG_2670-400x300.jpg 400w, https:\/\/parkietownia.pl\/wp-content\/uploads\/2016\/10\/IMG_2670-600x450.jpg 600w, https:\/\/parkietownia.pl\/wp-content\/uploads\/2016\/10\/IMG_2670-800x600.jpg 800w, https:\/\/parkietownia.pl\/wp-content\/uploads\/2016\/10\/IMG_2670-1200x900.jpg 1200w\" sizes=\"(min-width: 2200px) 100vw, (min-width: 784px) 363px, (min-width: 712px) 545px, (min-width: 640px) 712px, \" \/><\/a><\/div><\/div><\/div><div class=\"fusion-clearfix\"><\/div>\n\n\t\t\t\t\t<\/div>\n\t\t\t\t<\/div><\/div><\/div>\n","protected":false},"excerpt":{"rendered":"","protected":false},"author":1,"featured_media":0,"parent":0,"menu_order":0,"comment_status":"closed","ping_status":"closed","template":"100-width.php","meta":{"footnotes":""},"_links":{"self":[{"href":"https:\/\/parkietownia.pl\/en\/wp-json\/wp\/v2\/pages\/834\/"}],"collection":[{"href":"https:\/\/parkietownia.pl\/en\/wp-json\/wp\/v2\/pages\/"}],"about":[{"href":"https:\/\/parkietownia.pl\/en\/wp-json\/wp\/v2\/types\/page\/"}],"author":[{"embeddable":true,"href":"https:\/\/parkietownia.pl\/en\/wp-json\/wp\/v2\/users\/1\/"}],"replies":[{"embeddable":true,"href":"https:\/\/parkietownia.pl\/en\/wp-json\/wp\/v2\/comments\/?post=834"}],"version-history":[{"count":6,"href":"https:\/\/parkietownia.pl\/en\/wp-json\/wp\/v2\/pages\/834\/revisions\/"}],"predecessor-version":[{"id":1188,"href":"https:\/\/parkietownia.pl\/en\/wp-json\/wp\/v2\/pages\/834\/revisions\/1188\/"}],"wp:attachment":[{"href":"https:\/\/parkietownia.pl\/en\/wp-json\/wp\/v2\/media\/?parent=834"}],"curies":[{"name":"wp","href":"https:\/\/api.w.org\/{rel}","templated":true}]}}