{"id":854,"date":"2018-10-25T05:57:53","date_gmt":"2018-10-25T03:57:53","guid":{"rendered":"https:\/\/parkietownia.pl\/listwy-przypodlogowe\/"},"modified":"2018-11-03T17:33:24","modified_gmt":"2018-11-03T16:33:24","slug":"listwy-przypodlogowe","status":"publish","type":"page","link":"https:\/\/parkietownia.pl\/en\/listwy-przypodlogowe\/","title":{"rendered":"SKIRTING BOARDS"},"content":{"rendered":"<p><div class=\"fusion-fullwidth fullwidth-box nonhundred-percent-fullwidth non-hundred-percent-height-scrolling\"  style='background-color: rgba(255,255,255,0);background-position: left center;background-repeat: no-repeat;padding-top:20px;padding-right:0px;padding-bottom:20px;padding-left:0px;border-top-width:0px;border-bottom-width:0px;border-color:#eae9e9;border-top-style:solid;border-bottom-style:solid;'><div class=\"fusion-builder-row fusion-row \"><div  class=\"fusion-layout-column fusion_builder_column fusion_builder_column_1_1  fusion-one-full fusion-column-first fusion-column-last 1_1\"  style='margin-top:0px;margin-bottom:20px;'>\n\t\t\t\t\t<div class=\"fusion-column-wrapper\" style=\"padding: 0px 0px 0px 0px;background-position:right top;background-repeat:no-repeat;-webkit-background-size:cover;-moz-background-size:cover;-o-background-size:cover;background-size:cover;\"  data-bg-url=\"\">\n\t\t\t\t\t\t<div class=\"fusion-text\"><p><strong>SKIRTING BOARDS<\/strong><\/p>\n<p><strong>Choose from the variety of skirting boards matching your flooring.<\/strong><\/p>\n<p><strong>SOLID SKIRTING BOARDS<\/strong><\/p>\n<p><strong>Entirely made of wood. Do not need any additional finishing elements.<\/strong><br \/>\n<strong>Height: 25 mm<\/strong><br \/>\n<strong>Width:20 mm<\/strong><\/p>\n<p><strong>Available kinds of wood:<\/strong><br \/>\n<strong>oak, red oak, beech, ashtree, hornbeam, sycamore.<\/strong><\/p>\n<p><strong>LARGE PROFILE BOARDS<\/strong><\/p>\n<p><strong>Veneered, glued on plywood. Represent a modern, luxurious finish, specially impressive on broad surfaces and very convenient in everyday usage. 7-cm-high board prevents walls from wetting and getting dirty while mopping. The boards can be accurately fitted to the walls even if the walls are not perfectly even.<\/strong><br \/>\n<strong>Height: 70 mm<\/strong><br \/>\n<strong>width: 12\/16 mm<\/strong><br \/>\n<strong>length: 2,4 m<\/strong><br \/>\n<strong>Available kinds of wood:<\/strong><br \/>\n<strong>oak, red oak, cherry, ash, sycamore, doussie, iroco<\/strong><\/p>\n<p><strong>CWIER\u0106wa\u0142ek<\/strong><\/p>\n<p><strong>Most often bought together with large profile boards. Made of solid wood.<\/strong><\/p>\n<p><strong>Height: 12 mm<\/strong><br \/>\n<strong>Width: 12 mm<\/strong><br \/>\n<strong>Length: 2,4 m<\/strong><\/p>\n<p><strong>Available kinds of wood:<\/strong><br \/>\n<strong>oak, beech, cherry, sycamore<\/strong><\/p>\n<p><strong>Kostki,<\/strong><\/p>\n<p><strong>s\u0105 elementami opcjonalnymi do uk\u0142adania z parkietem. Przy u\u017cyciu kostek mo\u017cna uzyska\u0107 ciekawe i oryginalne pod\u0142ogi.<\/strong><br \/>\n<strong>grubo\u015b\u0107: 22 mm<\/strong><br \/>\n<strong>dost\u0119pne gatunki drewna i wymiary [cm]:<\/strong><br \/>\n<strong>(5 x 5) maho\u0144, (6 x 6) maho\u0144, (6 x 6) merbau, (6 x 6) d\u0105b, (6 x 6) d\u0105b S, (6 x 6) jawor, (6 x 6) jesion, (6 x 6) jesion S.<\/strong><\/p>\n<p><strong>Kliknij przycisk edytuj aby zmieni\u0107 ten tekst.<\/strong><\/p>\n<\/div><div class=\"fusion-clearfix\"><\/div>\n\n\t\t\t\t\t<\/div>\n\t\t\t\t<\/div><\/div><\/div><div class=\"fusion-fullwidth fullwidth-box hundred-percent-fullwidth non-hundred-percent-height-scrolling\"  style='background-color: rgba(255,255,255,0);background-position: center center;background-repeat: no-repeat;padding-top:0px;padding-right:0px;padding-bottom:0px;padding-left:0px;'><div class=\"fusion-builder-row fusion-row \"><div  class=\"fusion-layout-column fusion_builder_column fusion_builder_column_1_1  fusion-one-full fusion-column-first fusion-column-last fusion-column-no-min-height 1_1\"  style='margin-top:0px;margin-bottom:0px;'>\n\t\t\t\t\t<div class=\"fusion-column-wrapper\" style=\"padding: 0px 0px 0px 0px;background-position:left top;background-repeat:no-repeat;-webkit-background-size:cover;-moz-background-size:cover;-o-background-size:cover;background-size:cover;\"  data-bg-url=\"\">\n\t\t\t\t\t\t<div class=\"fusion-image-carousel fusion-image-carousel-fixed lightbox-enabled fusion-carousel-border\"><div class=\"fusion-carousel\" data-autoplay=\"no\" data-columns=\"5\" data-itemmargin=\"13\" data-itemwidth=\"180\" data-touchscroll=\"no\" data-imagesize=\"fixed\"><div class=\"fusion-carousel-positioner\"><ul class=\"fusion-carousel-holder\"><li class=\"fusion-carousel-item\"><div class=\"fusion-carousel-item-wrapper\"><div class=\"fusion-image-wrapper hover-type-none\"><a data-rel=\"iLightbox[gallery_image_1]\" data-caption=\"Budynek mieszkalny\" data-title=\"Parkiet D\u0105b Jod\u0142a olejowany\" aria-label=\"Parkiet D\u0105b Jod\u0142a olejowany\" href=\"https:\/\/parkietownia.pl\/wp-content\/uploads\/2018\/09\/20180801_115202.jpg\" target=\"_self\"><img loading=\"lazy\" decoding=\"async\" width=\"320\" height=\"202\" src=\"https:\/\/parkietownia.pl\/wp-content\/uploads\/2018\/09\/20180801_115202-320x202.jpg\" class=\"attachment-blog-medium size-blog-medium\" alt=\"\" srcset=\"https:\/\/parkietownia.pl\/wp-content\/uploads\/2018\/09\/20180801_115202-320x202.jpg 320w, https:\/\/parkietownia.pl\/wp-content\/uploads\/2018\/09\/20180801_115202-700x441.jpg 700w\" sizes=\"(max-width: 320px) 100vw, 320px\" \/><\/a><\/div><\/div><\/li><\/ul><div class=\"fusion-carousel-nav\"><span class=\"fusion-nav-prev\"><\/span><span class=\"fusion-nav-next\"><\/span><\/div><\/div><\/div><\/div><div class=\"fusion-clearfix\"><\/div>\n\n\t\t\t\t\t<\/div>\n\t\t\t\t<\/div><\/div><\/div><\/p>\n","protected":false},"excerpt":{"rendered":"","protected":false},"author":1,"featured_media":0,"parent":0,"menu_order":0,"comment_status":"closed","ping_status":"closed","template":"","meta":{"footnotes":""},"_links":{"self":[{"href":"https:\/\/parkietownia.pl\/en\/wp-json\/wp\/v2\/pages\/854\/"}],"collection":[{"href":"https:\/\/parkietownia.pl\/en\/wp-json\/wp\/v2\/pages\/"}],"about":[{"href":"https:\/\/parkietownia.pl\/en\/wp-json\/wp\/v2\/types\/page\/"}],"author":[{"embeddable":true,"href":"https:\/\/parkietownia.pl\/en\/wp-json\/wp\/v2\/users\/1\/"}],"replies":[{"embeddable":true,"href":"https:\/\/parkietownia.pl\/en\/wp-json\/wp\/v2\/comments\/?post=854"}],"version-history":[{"count":6,"href":"https:\/\/parkietownia.pl\/en\/wp-json\/wp\/v2\/pages\/854\/revisions\/"}],"predecessor-version":[{"id":1171,"href":"https:\/\/parkietownia.pl\/en\/wp-json\/wp\/v2\/pages\/854\/revisions\/1171\/"}],"wp:attachment":[{"href":"https:\/\/parkietownia.pl\/en\/wp-json\/wp\/v2\/media\/?parent=854"}],"curies":[{"name":"wp","href":"https:\/\/api.w.org\/{rel}","templated":true}]}}