{"id":862,"date":"2018-10-25T05:58:21","date_gmt":"2018-10-25T03:58:21","guid":{"rendered":"https:\/\/parkietownia.pl\/parkiety\/"},"modified":"2018-11-03T19:13:43","modified_gmt":"2018-11-03T18:13:43","slug":"parkiety","status":"publish","type":"page","link":"https:\/\/parkietownia.pl\/en\/parkiety\/","title":{"rendered":"PARQUETS"},"content":{"rendered":"<div class=\"fusion-fullwidth fullwidth-box nonhundred-percent-fullwidth non-hundred-percent-height-scrolling\"  style='background-color: rgba(255,255,255,0);background-position: left top;background-repeat: no-repeat;padding-top:20px;padding-right:0px;padding-bottom:20px;padding-left:0px;border-top-width:0px;border-bottom-width:0px;border-color:#eae9e9;border-top-style:solid;border-bottom-style:solid;'><div class=\"fusion-builder-row fusion-row \"><div  class=\"fusion-layout-column fusion_builder_column fusion_builder_column_1_1  fusion-one-full fusion-column-first fusion-column-last 1_1\"  style='margin-top:0px;margin-bottom:20px;'>\n\t\t\t\t\t<div class=\"fusion-column-wrapper\" style=\"padding: 0px 0px 0px 0px;background-position:left top;background-repeat:no-repeat;-webkit-background-size:cover;-moz-background-size:cover;-o-background-size:cover;background-size:cover;\"  data-bg-url=\"\">\n\t\t\t\t\t\t<div class=\"fusion-text\"><p>Parquets are solid flooring elements, unfinished. Installation of parquets is performed by gluing the flooring to the groundwork and application of finishing products of your choice (varnish, oil or wax).<br \/>\nWe offer you 15 or 22 mm thick parquet elements, in a variet of dimensions and wood kinds.<\/p>\n<h2>Oak<\/h2>\n<div class=\"table-2\">\n<table border=\"0\" align=\"left\">\n<thead>\n<tr>\n<td>grubo\u015b\u0107 [mm]<\/td>\n<td>szeroko\u015b\u0107 [mm]<\/td>\n<td style=\"width: 300px;\">d\u0142ugo\u015b\u0107 [mm]<\/td>\n<\/tr>\n<\/thead>\n<tbody>\n<tr>\n<td>15\/22<\/td>\n<td>70<\/td>\n<td>240\/300\/350\/360\/400\/500<\/td>\n<\/tr>\n<tr>\n<td>10<\/td>\n<td>70<\/td>\n<td>300-600<\/td>\n<\/tr>\n<\/tbody>\n<\/table>\n<\/div>\n<h2>Red Oak<\/h2>\n<div class=\"table-2\">\n<table border=\"0\" align=\"left\">\n<thead>\n<tr>\n<td>grubo\u015b\u0107 [mm]<\/td>\n<td>szeroko\u015b\u0107 [mm]<\/td>\n<td style=\"width: 300px;\">d\u0142ugo\u015b\u0107 [mm]<\/td>\n<\/tr>\n<\/thead>\n<tbody>\n<tr>\n<td>22<\/td>\n<td>60<\/td>\n<td>300\/360<\/td>\n<\/tr>\n<\/tbody>\n<\/table>\n<\/div>\n<h2>Ashtree<\/h2>\n<div class=\"table-2\">\n<table border=\"0\" align=\"left\">\n<thead>\n<tr>\n<td>grubo\u015b\u0107 [mm]<\/td>\n<td>szeroko\u015b\u0107 [mm]<\/td>\n<td style=\"width: 300px;\">d\u0142ugo\u015b\u0107 [mm]<\/td>\n<\/tr>\n<\/thead>\n<tbody>\n<tr>\n<td>22<\/td>\n<td>60<\/td>\n<td>240\/300\/360\/500<\/td>\n<\/tr>\n<tr>\n<td>15<\/td>\n<td>60\/70<\/td>\n<td>240\/300\/360\/400\/490<\/td>\n<\/tr>\n<\/tbody>\n<\/table>\n<\/div>\n<h2>Beech<\/h2>\n<div class=\"table-2\">\n<table border=\"0\" align=\"left\">\n<thead>\n<tr>\n<td>grubo\u015b\u0107 [mm]<\/td>\n<td>szeroko\u015b\u0107 [mm]<\/td>\n<td style=\"width: 300px;\">d\u0142ugo\u015b\u0107 [mm]<\/td>\n<\/tr>\n<\/thead>\n<tbody>\n<tr>\n<td>22<\/td>\n<td>60\/70<\/td>\n<td>300<\/td>\n<\/tr>\n<\/tbody>\n<\/table>\n<\/div>\n<h2>Steamed Beech<\/h2>\n<div class=\"table-2\">\n<table border=\"0\" align=\"left\">\n<thead>\n<tr>\n<td>grubo\u015b\u0107 [mm]<\/td>\n<td>szeroko\u015b\u0107 [mm]<\/td>\n<td style=\"width: 300px;\">d\u0142ugo\u015b\u0107 [mm]<\/td>\n<\/tr>\n<\/thead>\n<tbody>\n<tr>\n<td>22<\/td>\n<td>70<\/td>\n<td>mix<\/td>\n<\/tr>\n<\/tbody>\n<\/table>\n<\/div>\n<h2>Hornbeam<\/h2>\n<div class=\"table-2\">\n<table border=\"0\" align=\"left\">\n<thead>\n<tr>\n<td>grubo\u015b\u0107 [mm]<\/td>\n<td>szeroko\u015b\u0107 [mm]<\/td>\n<td style=\"width: 300px;\">d\u0142ugo\u015b\u0107 [mm]<\/td>\n<\/tr>\n<\/thead>\n<tbody>\n<tr>\n<td>22<\/td>\n<td>70<\/td>\n<td>300\/350<\/td>\n<\/tr>\n<\/tbody>\n<\/table>\n<\/div>\n<h2>Birch<\/h2>\n<div class=\"table-2\">\n<table border=\"0\" align=\"left\">\n<thead>\n<tr>\n<td>grubo\u015b\u0107 [mm]<\/td>\n<td>szeroko\u015b\u0107 [mm]<\/td>\n<td style=\"width: 300px;\">d\u0142ugo\u015b\u0107 [mm]<\/td>\n<\/tr>\n<\/thead>\n<tbody>\n<tr>\n<td>22<\/td>\n<td>60<\/td>\n<td>300\/360<\/td>\n<\/tr>\n<\/tbody>\n<\/table>\n<\/div>\n<h2>Sycamore<\/h2>\n<div class=\"table-2\">\n<table border=\"0\" align=\"left\">\n<thead>\n<tr>\n<td>grubo\u015b\u0107 [mm]<\/td>\n<td>szeroko\u015b\u0107 [mm]<\/td>\n<td style=\"width: 300px;\">d\u0142ugo\u015b\u0107 [mm]<\/td>\n<\/tr>\n<\/thead>\n<tbody>\n<tr>\n<td>22<\/td>\n<td>60\/70<\/td>\n<td>300\/360<\/td>\n<\/tr>\n<\/tbody>\n<\/table>\n<\/div>\n<h2>Akacja<\/h2>\n<div class=\"table-2\">\n<table border=\"0\" align=\"left\">\n<thead>\n<tr>\n<td>grubo\u015b\u0107 [mm]<\/td>\n<td>szeroko\u015b\u0107 [mm]<\/td>\n<td style=\"width: 300px;\">d\u0142ugo\u015b\u0107 [mm]<\/td>\n<\/tr>\n<\/thead>\n<tbody>\n<tr>\n<td>22<\/td>\n<td>60<\/td>\n<td>300<\/td>\n<\/tr>\n<\/tbody>\n<\/table>\n<\/div>\n<h2>Cherry<\/h2>\n<div class=\"table-2\">\n<table border=\"0\" align=\"left\">\n<thead>\n<tr>\n<td>grubo\u015b\u0107 [mm]<\/td>\n<td>szeroko\u015b\u0107 [mm]<\/td>\n<td style=\"width: 300px;\">d\u0142ugo\u015b\u0107 [mm]<\/td>\n<\/tr>\n<\/thead>\n<tbody>\n<tr>\n<td>22<\/td>\n<td>60<\/td>\n<td>300<\/td>\n<\/tr>\n<\/tbody>\n<\/table>\n<\/div>\n<h2>Elm<\/h2>\n<div class=\"table-2\">\n<table border=\"0\" align=\"left\">\n<thead>\n<tr>\n<td>grubo\u015b\u0107 [mm]<\/td>\n<td>szeroko\u015b\u0107 [mm]<\/td>\n<td style=\"width: 300px;\">d\u0142ugo\u015b\u0107 [mm]<\/td>\n<\/tr>\n<\/thead>\n<tbody>\n<tr>\n<td>22<\/td>\n<td>60<\/td>\n<td>300<\/td>\n<\/tr>\n<\/tbody>\n<\/table>\n<\/div>\n<h2>Doussie<\/h2>\n<div class=\"table-2\">\n<table border=\"0\" align=\"left\">\n<thead>\n<tr>\n<td>grubo\u015b\u0107 [mm]<\/td>\n<td>szeroko\u015b\u0107 [mm]<\/td>\n<td style=\"width: 300px;\">d\u0142ugo\u015b\u0107 [mm]<\/td>\n<\/tr>\n<\/thead>\n<tbody>\n<tr>\n<td>22<\/td>\n<td>60\/65\/70<\/td>\n<td>mix<\/td>\n<\/tr>\n<tr>\n<td>15<\/td>\n<td>70<\/td>\n<td>mix<\/td>\n<\/tr>\n<\/tbody>\n<\/table>\n<\/div>\n<h2>Iroko<\/h2>\n<div class=\"table-2\">\n<table border=\"0\" align=\"left\">\n<thead>\n<tr>\n<td>grubo\u015b\u0107 [mm]<\/td>\n<td>szeroko\u015b\u0107 [mm]<\/td>\n<td style=\"width: 300px;\">d\u0142ugo\u015b\u0107 [mm]<\/td>\n<\/tr>\n<\/thead>\n<tbody>\n<tr>\n<td>15<\/td>\n<td style=\"text-align: left;\">65<\/td>\n<td>mix<\/td>\n<\/tr>\n<\/tbody>\n<\/table>\n<\/div>\n<p>GENERAL CLASSIFICATION<\/p>\n<p>PRIMA (PR): fairly uniform color, without wites, small knots are acceptable<br \/>\nNATURAL (NAT): mixed graining, differential color, acceptable knots, whites and discolorations<br \/>\nRETRO: strongly differential color and graining, acceptable all kinds of knots, mistooling, cracks and insect traits as long as they do not diminsh the flooring resistance<\/p>\n<p>AMONG ASH PARQUET (15 mm thick) we distinguish the following classes:<\/p>\n<p>ATTRACTION (AT) \u2013 gives the effect of light natural floor, free graining, acceptable small knots (up to 5 mm), amber coloring is acceptable up to 50% of the wood surface<\/p>\n<p>EVOLUTION (EV) \u2013 flooring with darker color, similarly to AT class, but amber coloring is acceptable on a larger than 50% of the surface<\/p>\n<p>RUSTIKAL (RU) \u2013 wood with natural discolorations, knots are acceptable<br \/>\nRETRO (RT) \u2013 as above<\/p>\n<\/div><style type=\"text\/css\" scoped=\"scoped\">.fusion-gallery-1 .fusion-gallery-image {border:0px solid #f6f6f6;}<\/style><div class=\"fusion-gallery fusion-gallery-container fusion-grid-3 fusion-columns-total-9 fusion-gallery-layout-grid fusion-gallery-1\" style=\"margin:-5px;\"><div style=\"padding:5px;\" class=\"fusion-grid-column fusion-gallery-column fusion-gallery-column-3 hover-type-none\"><div class=\"fusion-gallery-image\"><a href=\"https:\/\/parkietownia.pl\/wp-content\/uploads\/2018\/10\/8cd4b791ad98db62a38810dcc300fa15.jpg\" class=\"fusion-lightbox\" data-rel=\"iLightbox[1db61eeab09fe488f5b]\"><img loading=\"lazy\" decoding=\"async\" width=\"460\" height=\"280\" src=\"https:\/\/parkietownia.pl\/wp-content\/uploads\/2018\/10\/8cd4b791ad98db62a38810dcc300fa15-460x280.jpg\" alt=\"\" title=\"8cd4b791ad98db62a38810dcc300fa15\" aria-label=\"8cd4b791ad98db62a38810dcc300fa15\" class=\"img-responsive wp-image-814\" \/><\/a><\/div><\/div><div style=\"padding:5px;\" class=\"fusion-grid-column fusion-gallery-column fusion-gallery-column-3 hover-type-none\"><div class=\"fusion-gallery-image\"><a href=\"https:\/\/parkietownia.pl\/wp-content\/uploads\/2018\/10\/9c9c7140ea3b0d0aafe06bbb5692a1e8.jpg\" class=\"fusion-lightbox\" data-rel=\"iLightbox[1db61eeab09fe488f5b]\"><img loading=\"lazy\" decoding=\"async\" width=\"460\" height=\"280\" src=\"https:\/\/parkietownia.pl\/wp-content\/uploads\/2018\/10\/9c9c7140ea3b0d0aafe06bbb5692a1e8-460x280.jpg\" alt=\"\" title=\"9c9c7140ea3b0d0aafe06bbb5692a1e8\" aria-label=\"9c9c7140ea3b0d0aafe06bbb5692a1e8\" class=\"img-responsive wp-image-815\" \/><\/a><\/div><\/div><div style=\"padding:5px;\" class=\"fusion-grid-column fusion-gallery-column fusion-gallery-column-3 hover-type-none\"><div class=\"fusion-gallery-image\"><a href=\"https:\/\/parkietownia.pl\/wp-content\/uploads\/2018\/10\/18af175c669e88b20a6d190bd7975f27.jpg\" class=\"fusion-lightbox\" data-rel=\"iLightbox[1db61eeab09fe488f5b]\"><img loading=\"lazy\" decoding=\"async\" width=\"460\" height=\"280\" src=\"https:\/\/parkietownia.pl\/wp-content\/uploads\/2018\/10\/18af175c669e88b20a6d190bd7975f27-460x280.jpg\" alt=\"\" title=\"18af175c669e88b20a6d190bd7975f27\" aria-label=\"18af175c669e88b20a6d190bd7975f27\" class=\"img-responsive wp-image-816\" \/><\/a><\/div><\/div><div class=\"clearfix\"><\/div><div style=\"padding:5px;\" class=\"fusion-grid-column fusion-gallery-column fusion-gallery-column-3 hover-type-none\"><div class=\"fusion-gallery-image\"><a href=\"https:\/\/parkietownia.pl\/wp-content\/uploads\/2018\/10\/7386730db756006ebad1530e2057a4cf.jpg\" class=\"fusion-lightbox\" data-rel=\"iLightbox[1db61eeab09fe488f5b]\"><img loading=\"lazy\" decoding=\"async\" width=\"460\" height=\"280\" src=\"https:\/\/parkietownia.pl\/wp-content\/uploads\/2018\/10\/7386730db756006ebad1530e2057a4cf-460x280.jpg\" alt=\"\" title=\"7386730db756006ebad1530e2057a4cf\" aria-label=\"7386730db756006ebad1530e2057a4cf\" class=\"img-responsive wp-image-817\" \/><\/a><\/div><\/div><div style=\"padding:5px;\" class=\"fusion-grid-column fusion-gallery-column fusion-gallery-column-3 hover-type-none\"><div class=\"fusion-gallery-image\"><a href=\"https:\/\/parkietownia.pl\/wp-content\/uploads\/2018\/10\/b6d7b1cc1f1085ce3d186fdd462f4915.jpg\" class=\"fusion-lightbox\" data-rel=\"iLightbox[1db61eeab09fe488f5b]\"><img loading=\"lazy\" decoding=\"async\" width=\"460\" height=\"280\" src=\"https:\/\/parkietownia.pl\/wp-content\/uploads\/2018\/10\/b6d7b1cc1f1085ce3d186fdd462f4915-460x280.jpg\" alt=\"\" title=\"b6d7b1cc1f1085ce3d186fdd462f4915\" aria-label=\"b6d7b1cc1f1085ce3d186fdd462f4915\" class=\"img-responsive wp-image-818\" \/><\/a><\/div><\/div><div style=\"padding:5px;\" class=\"fusion-grid-column fusion-gallery-column fusion-gallery-column-3 hover-type-none\"><div class=\"fusion-gallery-image\"><a href=\"https:\/\/parkietownia.pl\/wp-content\/uploads\/2018\/10\/3_ru.jpg\" class=\"fusion-lightbox\" data-rel=\"iLightbox[1db61eeab09fe488f5b]\"><img loading=\"lazy\" decoding=\"async\" width=\"460\" height=\"295\" src=\"https:\/\/parkietownia.pl\/wp-content\/uploads\/2018\/10\/3_ru-460x295.jpg\" alt=\"\" title=\"3_ru\" aria-label=\"3_ru\" class=\"img-responsive wp-image-813\" \/><\/a><\/div><\/div><div class=\"clearfix\"><\/div><div style=\"padding:5px;\" class=\"fusion-grid-column fusion-gallery-column fusion-gallery-column-3 hover-type-none\"><div class=\"fusion-gallery-image\"><a href=\"https:\/\/parkietownia.pl\/wp-content\/uploads\/2018\/10\/dabru3-1.jpg\" class=\"fusion-lightbox\" data-rel=\"iLightbox[1db61eeab09fe488f5b]\"><img loading=\"lazy\" decoding=\"async\" width=\"460\" height=\"295\" src=\"https:\/\/parkietownia.pl\/wp-content\/uploads\/2018\/10\/dabru3-1-460x295.jpg\" alt=\"\" title=\"dabru3-1\" aria-label=\"dabru3-1\" class=\"img-responsive wp-image-819\" \/><\/a><\/div><\/div><div style=\"padding:5px;\" class=\"fusion-grid-column fusion-gallery-column fusion-gallery-column-3 hover-type-none\"><div class=\"fusion-gallery-image\"><a href=\"https:\/\/parkietownia.pl\/wp-content\/uploads\/2018\/10\/jesionprk3.jpg\" class=\"fusion-lightbox\" data-rel=\"iLightbox[1db61eeab09fe488f5b]\"><img loading=\"lazy\" decoding=\"async\" width=\"460\" height=\"295\" src=\"https:\/\/parkietownia.pl\/wp-content\/uploads\/2018\/10\/jesionprk3-460x295.jpg\" alt=\"\" title=\"jesionprk3\" aria-label=\"jesionprk3\" class=\"img-responsive wp-image-820\" \/><\/a><\/div><\/div><div style=\"padding:5px;\" class=\"fusion-grid-column fusion-gallery-column fusion-gallery-column-3 hover-type-none\"><div class=\"fusion-gallery-image\"><a href=\"https:\/\/parkietownia.pl\/wp-content\/uploads\/2018\/10\/Parkiet-Da\u0328b-PR-.jpg\" class=\"fusion-lightbox\" data-rel=\"iLightbox[1db61eeab09fe488f5b]\"><img loading=\"lazy\" decoding=\"async\" width=\"460\" height=\"295\" src=\"https:\/\/parkietownia.pl\/wp-content\/uploads\/2018\/10\/Parkiet-Da\u0328b-PR--460x295.jpg\" alt=\"\" title=\"Parkiet-Da\u0328b-PR-\" aria-label=\"Parkiet-Da\u0328b-PR-\" class=\"img-responsive wp-image-821\" \/><\/a><\/div><\/div><div class=\"clearfix\"><\/div><\/div><div class=\"fusion-clearfix\"><\/div>\n\n\t\t\t\t\t<\/div>\n\t\t\t\t<\/div><\/div><\/div>\n","protected":false},"excerpt":{"rendered":"","protected":false},"author":1,"featured_media":0,"parent":0,"menu_order":0,"comment_status":"closed","ping_status":"closed","template":"100-width.php","meta":{"footnotes":""},"_links":{"self":[{"href":"https:\/\/parkietownia.pl\/en\/wp-json\/wp\/v2\/pages\/862\/"}],"collection":[{"href":"https:\/\/parkietownia.pl\/en\/wp-json\/wp\/v2\/pages\/"}],"about":[{"href":"https:\/\/parkietownia.pl\/en\/wp-json\/wp\/v2\/types\/page\/"}],"author":[{"embeddable":true,"href":"https:\/\/parkietownia.pl\/en\/wp-json\/wp\/v2\/users\/1\/"}],"replies":[{"embeddable":true,"href":"https:\/\/parkietownia.pl\/en\/wp-json\/wp\/v2\/comments\/?post=862"}],"version-history":[{"count":5,"href":"https:\/\/parkietownia.pl\/en\/wp-json\/wp\/v2\/pages\/862\/revisions\/"}],"predecessor-version":[{"id":1184,"href":"https:\/\/parkietownia.pl\/en\/wp-json\/wp\/v2\/pages\/862\/revisions\/1184\/"}],"wp:attachment":[{"href":"https:\/\/parkietownia.pl\/en\/wp-json\/wp\/v2\/media\/?parent=862"}],"curies":[{"name":"wp","href":"https:\/\/api.w.org\/{rel}","templated":true}]}}