{"id":882,"date":"2018-10-25T05:58:27","date_gmt":"2018-10-25T03:58:27","guid":{"rendered":"https:\/\/parkietownia.pl\/porady\/"},"modified":"2018-11-14T22:02:44","modified_gmt":"2018-11-14T21:02:44","slug":"porady","status":"publish","type":"page","link":"https:\/\/parkietownia.pl\/en\/porady\/","title":{"rendered":"OUR SERVICES"},"content":{"rendered":"<div class=\"fusion-fullwidth fullwidth-box nonhundred-percent-fullwidth non-hundred-percent-height-scrolling\"  style='background-color: rgba(255,255,255,0);background-position: left top;background-repeat: no-repeat;padding-top:20px;padding-right:20%;padding-bottom:20px;padding-left:20%;border-top-width:0px;border-bottom-width:0px;border-color:#eae9e9;border-top-style:solid;border-bottom-style:solid;'><div class=\"fusion-builder-row fusion-row \"><div  class=\"fusion-layout-column fusion_builder_column fusion_builder_column_1_1  fusion-one-full fusion-column-first fusion-column-last 1_1\"  style='margin-top:0px;margin-bottom:20px;'>\n\t\t\t\t\t<div class=\"fusion-column-wrapper\" style=\"padding: 0px 0px 0px 0px;background-position:left top;background-repeat:no-repeat;-webkit-background-size:cover;-moz-background-size:cover;-o-background-size:cover;background-size:cover;\"  data-bg-url=\"\">\n\t\t\t\t\t\t<div class=\"fusion-text\"><p>INSTALLATION<\/p>\n<p>RENOVATION<\/p>\n<p>REFRESHING<\/p>\n<p>RESTORATION<\/p>\n<p><u><\/u><\/p>\n<\/div><style type=\"text\/css\" scoped=\"scoped\">.fusion-gallery-1 .fusion-gallery-image {border:0px solid #f6f6f6;}<\/style><div class=\"fusion-gallery fusion-gallery-container fusion-grid-4 fusion-columns-total-5 fusion-gallery-layout-grid fusion-gallery-1\" style=\"margin:-5px;\"><div style=\"padding:5px;\" class=\"fusion-grid-column fusion-gallery-column fusion-gallery-column-4 hover-type-none\"><div class=\"fusion-gallery-image\"><a href=\"https:\/\/parkietownia.pl\/wp-content\/uploads\/2016\/10\/IMG_1133.jpg\" class=\"fusion-lightbox\" data-rel=\"iLightbox[e6560bf47b76737c598]\"><img loading=\"lazy\" decoding=\"async\" width=\"200\" height=\"150\" src=\"https:\/\/parkietownia.pl\/wp-content\/uploads\/2016\/10\/IMG_1133-200x150.jpg\" alt=\"\" title=\"Deska D\u0105b Olejowosk \u0141\u0105czenie z P\u0142ytkami heksagonalnymi\" aria-label=\"Deska D\u0105b Olejowosk \u0141\u0105czenie z P\u0142ytkami heksagonalnymi\" class=\"img-responsive wp-image-929\" srcset=\"https:\/\/parkietownia.pl\/wp-content\/uploads\/2016\/10\/IMG_1133-200x150.jpg 200w, https:\/\/parkietownia.pl\/wp-content\/uploads\/2016\/10\/IMG_1133-400x300.jpg 400w, https:\/\/parkietownia.pl\/wp-content\/uploads\/2016\/10\/IMG_1133-600x450.jpg 600w, https:\/\/parkietownia.pl\/wp-content\/uploads\/2016\/10\/IMG_1133-800x600.jpg 800w, https:\/\/parkietownia.pl\/wp-content\/uploads\/2016\/10\/IMG_1133-1200x900.jpg 1200w, https:\/\/parkietownia.pl\/wp-content\/uploads\/2016\/10\/IMG_1133.jpg 1632w\" sizes=\"(min-width: 2200px) 100vw, (min-width: 856px) 271px, (min-width: 784px) 362px, (min-width: 712px) 543px, (min-width: 640px) 712px, \" \/><\/a><\/div><\/div><div style=\"padding:5px;\" class=\"fusion-grid-column fusion-gallery-column fusion-gallery-column-4 hover-type-none\"><div class=\"fusion-gallery-image\"><a href=\"https:\/\/parkietownia.pl\/wp-content\/uploads\/2018\/10\/IMG_2639.jpg\" class=\"fusion-lightbox\" data-rel=\"iLightbox[e6560bf47b76737c598]\"><img loading=\"lazy\" decoding=\"async\" width=\"200\" height=\"150\" src=\"https:\/\/parkietownia.pl\/wp-content\/uploads\/2018\/10\/IMG_2639-200x150.jpg\" alt=\"\" title=\"IMG_2639\" aria-label=\"IMG_2639\" class=\"img-responsive wp-image-1119\" srcset=\"https:\/\/parkietownia.pl\/wp-content\/uploads\/2018\/10\/IMG_2639-200x150.jpg 200w, https:\/\/parkietownia.pl\/wp-content\/uploads\/2018\/10\/IMG_2639-400x300.jpg 400w, https:\/\/parkietownia.pl\/wp-content\/uploads\/2018\/10\/IMG_2639-600x450.jpg 600w, https:\/\/parkietownia.pl\/wp-content\/uploads\/2018\/10\/IMG_2639-800x600.jpg 800w, https:\/\/parkietownia.pl\/wp-content\/uploads\/2018\/10\/IMG_2639-1200x900.jpg 1200w\" sizes=\"(min-width: 2200px) 100vw, (min-width: 856px) 271px, (min-width: 784px) 362px, (min-width: 712px) 543px, (min-width: 640px) 712px, \" \/><\/a><\/div><\/div><div style=\"padding:5px;\" class=\"fusion-grid-column fusion-gallery-column fusion-gallery-column-4 hover-type-none\"><div class=\"fusion-gallery-image\"><a href=\"https:\/\/parkietownia.pl\/wp-content\/uploads\/2018\/10\/IMG_2644.jpg\" class=\"fusion-lightbox\" data-rel=\"iLightbox[e6560bf47b76737c598]\"><img loading=\"lazy\" decoding=\"async\" width=\"200\" height=\"150\" src=\"https:\/\/parkietownia.pl\/wp-content\/uploads\/2018\/10\/IMG_2644-200x150.jpg\" alt=\"\" title=\"IMG_2644\" aria-label=\"IMG_2644\" class=\"img-responsive wp-image-1121\" srcset=\"https:\/\/parkietownia.pl\/wp-content\/uploads\/2018\/10\/IMG_2644-200x150.jpg 200w, https:\/\/parkietownia.pl\/wp-content\/uploads\/2018\/10\/IMG_2644-400x300.jpg 400w, https:\/\/parkietownia.pl\/wp-content\/uploads\/2018\/10\/IMG_2644-600x450.jpg 600w, https:\/\/parkietownia.pl\/wp-content\/uploads\/2018\/10\/IMG_2644-800x600.jpg 800w, https:\/\/parkietownia.pl\/wp-content\/uploads\/2018\/10\/IMG_2644-1200x900.jpg 1200w\" sizes=\"(min-width: 2200px) 100vw, (min-width: 856px) 271px, (min-width: 784px) 362px, (min-width: 712px) 543px, (min-width: 640px) 712px, \" \/><\/a><\/div><\/div><div style=\"padding:5px;\" class=\"fusion-grid-column fusion-gallery-column fusion-gallery-column-4 hover-type-none\"><div class=\"fusion-gallery-image\"><a href=\"https:\/\/parkietownia.pl\/wp-content\/uploads\/2018\/11\/20181114_151105.jpg\" class=\"fusion-lightbox\" data-rel=\"iLightbox[e6560bf47b76737c598]\"><img loading=\"lazy\" decoding=\"async\" width=\"200\" height=\"113\" src=\"https:\/\/parkietownia.pl\/wp-content\/uploads\/2018\/11\/20181114_151105-200x113.jpg\" alt=\"\" title=\"20181114_151105\" aria-label=\"20181114_151105\" class=\"img-responsive wp-image-1206\" srcset=\"https:\/\/parkietownia.pl\/wp-content\/uploads\/2018\/11\/20181114_151105-200x113.jpg 200w, https:\/\/parkietownia.pl\/wp-content\/uploads\/2018\/11\/20181114_151105-400x225.jpg 400w, https:\/\/parkietownia.pl\/wp-content\/uploads\/2018\/11\/20181114_151105-600x338.jpg 600w, https:\/\/parkietownia.pl\/wp-content\/uploads\/2018\/11\/20181114_151105-800x450.jpg 800w, https:\/\/parkietownia.pl\/wp-content\/uploads\/2018\/11\/20181114_151105-1200x675.jpg 1200w\" sizes=\"(min-width: 2200px) 100vw, (min-width: 856px) 271px, (min-width: 784px) 362px, (min-width: 712px) 543px, (min-width: 640px) 712px, \" \/><\/a><\/div><\/div><div class=\"clearfix\"><\/div><div style=\"padding:5px;\" class=\"fusion-grid-column fusion-gallery-column fusion-gallery-column-4 hover-type-none\"><div class=\"fusion-gallery-image\"><a href=\"https:\/\/parkietownia.pl\/wp-content\/uploads\/2018\/11\/161.jpg\" class=\"fusion-lightbox\" data-rel=\"iLightbox[e6560bf47b76737c598]\"><img loading=\"lazy\" decoding=\"async\" width=\"200\" height=\"133\" src=\"https:\/\/parkietownia.pl\/wp-content\/uploads\/2018\/11\/161-200x133.jpg\" alt=\"\" title=\"16[1]\" aria-label=\"16[1]\" class=\"img-responsive wp-image-1196\" srcset=\"https:\/\/parkietownia.pl\/wp-content\/uploads\/2018\/11\/161-200x133.jpg 200w, https:\/\/parkietownia.pl\/wp-content\/uploads\/2018\/11\/161-400x267.jpg 400w, https:\/\/parkietownia.pl\/wp-content\/uploads\/2018\/11\/161-600x400.jpg 600w, https:\/\/parkietownia.pl\/wp-content\/uploads\/2018\/11\/161.jpg 800w\" sizes=\"(min-width: 2200px) 100vw, (min-width: 856px) 271px, (min-width: 784px) 362px, (min-width: 712px) 543px, (min-width: 640px) 712px, \" \/><\/a><\/div><\/div><\/div><div class=\"fusion-clearfix\"><\/div>\n\n\t\t\t\t\t<\/div>\n\t\t\t\t<\/div><\/div><\/div>\n","protected":false},"excerpt":{"rendered":"","protected":false},"author":1,"featured_media":0,"parent":0,"menu_order":0,"comment_status":"closed","ping_status":"closed","template":"100-width.php","meta":{"footnotes":""},"_links":{"self":[{"href":"https:\/\/parkietownia.pl\/en\/wp-json\/wp\/v2\/pages\/882\/"}],"collection":[{"href":"https:\/\/parkietownia.pl\/en\/wp-json\/wp\/v2\/pages\/"}],"about":[{"href":"https:\/\/parkietownia.pl\/en\/wp-json\/wp\/v2\/types\/page\/"}],"author":[{"embeddable":true,"href":"https:\/\/parkietownia.pl\/en\/wp-json\/wp\/v2\/users\/1\/"}],"replies":[{"embeddable":true,"href":"https:\/\/parkietownia.pl\/en\/wp-json\/wp\/v2\/comments\/?post=882"}],"version-history":[{"count":8,"href":"https:\/\/parkietownia.pl\/en\/wp-json\/wp\/v2\/pages\/882\/revisions\/"}],"predecessor-version":[{"id":1211,"href":"https:\/\/parkietownia.pl\/en\/wp-json\/wp\/v2\/pages\/882\/revisions\/1211\/"}],"wp:attachment":[{"href":"https:\/\/parkietownia.pl\/en\/wp-json\/wp\/v2\/media\/?parent=882"}],"curies":[{"name":"wp","href":"https:\/\/api.w.org\/{rel}","templated":true}]}}